{"id":2,"date":"2016-05-10T03:48:21","date_gmt":"2016-05-10T03:48:21","guid":{"rendered":"https:\/\/iheartbooks.ch\/?page_id=2"},"modified":"2023-06-03T16:33:31","modified_gmt":"2023-06-03T16:33:31","slug":"sample-page","status":"publish","type":"page","link":"https:\/\/iheartbooks.ch\/?page_id=2","title":{"rendered":"\u00dcber mich"},"content":{"rendered":"\n<p class=\"has-drop-cap\"><mark style=\"background-color:rgba(0, 0, 0, 0)\" class=\"has-inline-color has-accent-1-color\">I<\/mark>ch liebe B\u00fccher. Tja, wieso auch lange drum herum reden, wenn es doch so einfach sein kann. <\/p>\n\n\n\n<p>Ich heisse Daniela und bin Mitte Dreissig. Nach meiner Matura \/ meinem Abitur, hab ich mich gegen ein Studium und f\u00fcr eine Lehre entschieden, so dass ich eine Buchh\u00e4ndler-Ausbildung gemacht habe. Nach einiger Zeit im Buchhandel und einem Auslandsaufenthalt, habe ich den B\u00fcchern nicht abgeschworen, sehe jetzt aber die andere Seite eines Buches \u2013 ich arbeite in einem kleinen Sachbuchverlag. Und bin \u00fcbergl\u00fccklich jeden Tag mit B\u00fcchern arbeiten zu d\u00fcrfen.<\/p>\n\n\n\n<p>Und wenn ich nicht am lesen bin, dann bastle ich mit B\u00fcchern&#8230; Am liebsten <a rel=\"noreferrer noopener\" href=\"https:\/\/iheartbooks.ch\/?cat=70\" target=\"_blank\">Blumen<\/a>. <\/p>\n\n\n\n<p>Viel Spass beim Entdecken meiner Rezensionen oder meinem Gebastel \u2013 eure iheartbooks.ch <\/p>\n\n\n\n<p><a href=\"mailto:info@iheartbooks.ch\"><mark style=\"background-color:rgba(0, 0, 0, 0)\" class=\"has-inline-color has-accent-2-color\"><strong>info@iheartbooks.ch<\/strong><\/mark><\/a><\/p>\n\n\n\n<figure class=\"wp-block-image size-large\"><img loading=\"lazy\" decoding=\"async\" width=\"1024\" height=\"768\" src=\"https:\/\/iheartbooks.ch\/wp-content\/uploads\/2023\/06\/IMG_0296-Kopie-1-1024x768.jpg\" alt=\"\" class=\"wp-image-1284\" srcset=\"https:\/\/iheartbooks.ch\/wp-content\/uploads\/2023\/06\/IMG_0296-Kopie-1-1024x768.jpg 1024w, https:\/\/iheartbooks.ch\/wp-content\/uploads\/2023\/06\/IMG_0296-Kopie-1-300x225.jpg 300w, https:\/\/iheartbooks.ch\/wp-content\/uploads\/2023\/06\/IMG_0296-Kopie-1-768x576.jpg 768w, https:\/\/iheartbooks.ch\/wp-content\/uploads\/2023\/06\/IMG_0296-Kopie-1-1536x1152.jpg 1536w, https:\/\/iheartbooks.ch\/wp-content\/uploads\/2023\/06\/IMG_0296-Kopie-1-400x300.jpg 400w, https:\/\/iheartbooks.ch\/wp-content\/uploads\/2023\/06\/IMG_0296-Kopie-1.jpg 2000w\" sizes=\"auto, (max-width: 1024px) 100vw, 1024px\" \/><\/figure>\n","protected":false},"excerpt":{"rendered":"<p>Ich liebe B\u00fccher. Tja, wieso auch lange drum herum reden, wenn es doch so einfach sein kann. Ich heisse Daniela und bin Mitte Dreissig. Nach &hellip;<\/p>\n","protected":false},"author":1,"featured_media":0,"parent":0,"menu_order":0,"comment_status":"closed","ping_status":"closed","template":"","meta":{"footnotes":""},"class_list":["post-2","page","type-page","status-publish","hentry"],"_links":{"self":[{"href":"https:\/\/iheartbooks.ch\/index.php?rest_route=\/wp\/v2\/pages\/2","targetHints":{"allow":["GET"]}}],"collection":[{"href":"https:\/\/iheartbooks.ch\/index.php?rest_route=\/wp\/v2\/pages"}],"about":[{"href":"https:\/\/iheartbooks.ch\/index.php?rest_route=\/wp\/v2\/types\/page"}],"author":[{"embeddable":true,"href":"https:\/\/iheartbooks.ch\/index.php?rest_route=\/wp\/v2\/users\/1"}],"replies":[{"embeddable":true,"href":"https:\/\/iheartbooks.ch\/index.php?rest_route=%2Fwp%2Fv2%2Fcomments&post=2"}],"version-history":[{"count":5,"href":"https:\/\/iheartbooks.ch\/index.php?rest_route=\/wp\/v2\/pages\/2\/revisions"}],"predecessor-version":[{"id":1286,"href":"https:\/\/iheartbooks.ch\/index.php?rest_route=\/wp\/v2\/pages\/2\/revisions\/1286"}],"wp:attachment":[{"href":"https:\/\/iheartbooks.ch\/index.php?rest_route=%2Fwp%2Fv2%2Fmedia&parent=2"}],"curies":[{"name":"wp","href":"https:\/\/api.w.org\/{rel}","templated":true}]}}